{"id":10460,"date":"2025-04-15T01:14:37","date_gmt":"2025-04-15T01:14:37","guid":{"rendered":"https:\/\/aurea.film\/?page_id=10460"},"modified":"2025-05-06T01:27:28","modified_gmt":"2025-05-06T01:27:28","slug":"produccion-comerciales-de-television","status":"publish","type":"page","link":"https:\/\/aurea.film\/es\/produccion-comerciales-de-television\/","title":{"rendered":"Producci\u00f3n de Comerciales para Televisi\u00f3n (TVC\u2019s)"},"content":{"rendered":"\t\t<div data-elementor-type=\"wp-page\" data-elementor-id=\"10460\" class=\"elementor elementor-10460\">\n\t\t\t\t\t\t<section class=\"elementor-section elementor-top-section elementor-element elementor-element-cf1ec4a elementor-section-full_width elementor-section-height-default elementor-section-height-default qodef-elementor-content-no\" data-id=\"cf1ec4a\" data-element_type=\"section\">\n\t\t\t\t\t\t<div class=\"elementor-container elementor-column-gap-default\">\n\t\t\t\t\t<div class=\"elementor-column elementor-col-100 elementor-top-column elementor-element elementor-element-f42eeea\" data-id=\"f42eeea\" data-element_type=\"column\" data-settings=\"{&quot;background_background&quot;:&quot;classic&quot;}\">\n\t\t\t<div class=\"elementor-widget-wrap elementor-element-populated\">\n\t\t\t\t\t<div class=\"elementor-background-overlay\"><\/div>\n\t\t\t\t\t\t<div class=\"elementor-element elementor-element-5e8a798 elementor-widget elementor-widget-coppola_core_section_title\" data-id=\"5e8a798\" data-element_type=\"widget\" data-widget_type=\"coppola_core_section_title.default\">\n\t\t\t\t<div class=\"elementor-widget-container\">\n\t\t\t<div class=\"qodef-shortcode qodef-m cover__service__title qodef-section-title qodef-alignment--center \">\n\t\t<p class=\"qodef-m-subtitle\" style=\"color: #FFFFFF\">Servicios<\/p>\n\t\t<h1 class=\"qodef-m-title\" style=\"color: #FFFFFF\">\n\t\t\t\t\tProducci\u00f3n de Comerciales para Televisi\u00f3n (TVC\u2019s)\t\t\t<\/h1>\n\t\t<\/div>\n\t\t<\/div>\n\t\t\t\t<\/div>\n\t\t\t\t\t<\/div>\n\t\t<\/div>\n\t\t\t\t\t<\/div>\n\t\t<\/section>\n\t\t<div class=\"elementor-element elementor-element-9365b82 e-grid e-con-boxed e-con e-parent\" data-id=\"9365b82\" data-element_type=\"container\">\n\t\t\t\t\t<div class=\"e-con-inner\">\n\t\t\t\t<div class=\"elementor-element elementor-element-44c8a78 elementor-widget elementor-widget-image\" data-id=\"44c8a78\" data-element_type=\"widget\" data-widget_type=\"image.default\">\n\t\t\t\t<div class=\"elementor-widget-container\">\n\t\t\t\t\t\t\t\t\t\t\t\t\t<img fetchpriority=\"high\" decoding=\"async\" width=\"1920\" height=\"2400\" src=\"https:\/\/aurea.film\/es\/wp-content\/uploads\/2024\/10\/daniel-l-4vOcfTXfdAI-unsplash.jpg\" class=\"attachment-full size-full wp-image-9646\" alt=\"TV Commercial Production\" srcset=\"https:\/\/aurea.film\/es\/wp-content\/uploads\/2024\/10\/daniel-l-4vOcfTXfdAI-unsplash.jpg 1920w, https:\/\/aurea.film\/es\/wp-content\/uploads\/2024\/10\/daniel-l-4vOcfTXfdAI-unsplash-240x300.jpg 240w, https:\/\/aurea.film\/es\/wp-content\/uploads\/2024\/10\/daniel-l-4vOcfTXfdAI-unsplash-819x1024.jpg 819w, https:\/\/aurea.film\/es\/wp-content\/uploads\/2024\/10\/daniel-l-4vOcfTXfdAI-unsplash-768x960.jpg 768w, https:\/\/aurea.film\/es\/wp-content\/uploads\/2024\/10\/daniel-l-4vOcfTXfdAI-unsplash-1229x1536.jpg 1229w, https:\/\/aurea.film\/es\/wp-content\/uploads\/2024\/10\/daniel-l-4vOcfTXfdAI-unsplash-1638x2048.jpg 1638w, https:\/\/aurea.film\/es\/wp-content\/uploads\/2024\/10\/daniel-l-4vOcfTXfdAI-unsplash-600x750.jpg 600w\" sizes=\"(max-width: 1920px) 100vw, 1920px\" \/>\t\t\t\t\t\t\t\t\t\t\t\t\t<\/div>\n\t\t\t\t<\/div>\n\t\t<div class=\"elementor-element elementor-element-f64a5a8 e-con-full e-flex e-con e-child\" data-id=\"f64a5a8\" data-element_type=\"container\">\n\t\t\t\t<div class=\"elementor-element elementor-element-9f8ebec elementor-widget elementor-widget-heading\" data-id=\"9f8ebec\" data-element_type=\"widget\" data-widget_type=\"heading.default\">\n\t\t\t\t<div class=\"elementor-widget-container\">\n\t\t\t<h2 class=\"elementor-heading-title elementor-size-default\">Desarrollamos comerciales de televisi\u00f3n de alto impacto que conectan con la audiencia y elevan el valor de marca.<\/h2>\t\t<\/div>\n\t\t\t\t<\/div>\n\t\t\t\t<div class=\"elementor-element elementor-element-15addcf elementor-widget elementor-widget-text-editor\" data-id=\"15addcf\" data-element_type=\"widget\" data-widget_type=\"text-editor.default\">\n\t\t\t\t<div class=\"elementor-widget-container\">\n\t\t\t\t\t\t\t<p>Nuestro equipo de creativos, guionistas y directores se encarga de todo el proceso: desde la conceptualizaci\u00f3n hasta la postproducci\u00f3n, garantizando un resultado gide calidad cinematogr\u00e1fica adaptado a las necesidades del cliente y a los est\u00e1ndares de las principales cadenas televisivas.<\/p>\t\t\t\t\t\t<\/div>\n\t\t\t\t<\/div>\n\t\t\t\t<\/div>\n\t\t\t\t\t<\/div>\n\t\t\t\t<\/div>\n\t\t<div class=\"elementor-element elementor-element-1acc0b3 e-grid services__bullets e-con-boxed e-con e-parent\" data-id=\"1acc0b3\" data-element_type=\"container\">\n\t\t\t\t\t<div class=\"e-con-inner\">\n\t\t\t\t<div class=\"elementor-element elementor-element-ef56318 elementor-widget elementor-widget-heading\" data-id=\"ef56318\" data-element_type=\"widget\" data-widget_type=\"heading.default\">\n\t\t\t\t<div class=\"elementor-widget-container\">\n\t\t\t<h4 class=\"elementor-heading-title elementor-size-default\">Nuestros servicios incluyen:<\/h4>\t\t<\/div>\n\t\t\t\t<\/div>\n\t\t\t\t<div class=\"elementor-element elementor-element-03d307e elementor-widget elementor-widget-text-editor\" data-id=\"03d307e\" data-element_type=\"widget\" data-widget_type=\"text-editor.default\">\n\t\t\t\t<div class=\"elementor-widget-container\">\n\t\t\t\t\t\t\t<ul>\n \t<li>Creatividad<\/li>\n \t<li>Direcci\u00f3n audiovisual<\/li>\n \t<li>Planeaci\u00f3n estrat\u00e9gica<\/li>\n \t<li>Estrategia de Marca<\/li>\n \t<li>Casting<\/li>\n \t<li>Scouting<\/li>\n \t<li>Foro de filmaci\u00f3n<\/li>\n \t<li>Especializaci\u00f3n en alimentos, bebidas y producto<\/li>\n \t<li>Campa\u00f1as Belleza<\/li>\n \t<li>Gui\u00f3n<\/li>\n \t<li>Postproducci\u00f3n<\/li>\n \t<li>Comercial automotriz<\/li>\n<\/ul>\t\t\t\t\t\t<\/div>\n\t\t\t\t<\/div>\n\t\t\t\t<div class=\"elementor-element elementor-element-1d9351e elementor-widget elementor-widget-text-editor\" data-id=\"1d9351e\" data-element_type=\"widget\" data-widget_type=\"text-editor.default\">\n\t\t\t\t<div class=\"elementor-widget-container\">\n\t\t\t\t\t\t\t<ul><li>Campa\u00f1as belleza<\/li><li>Producci\u00f3n design<\/li><li>Dise\u00f1o Sonoro<\/li><li>Dise\u00f1o Iluminaci\u00f3n<\/li><li>Economo<\/li><li>Direcci\u00f3n de arte<\/li><li>Montaje<\/li><li>Composici\u00f3n audiovisual<\/li><li>Montaje cinematogr\u00e1fico<\/li><li>Coloreado<\/li><li>Grabaci\u00f3n Multic\u00e1mara<\/li><li>VFX<\/li><li>Motion graphics<\/li><\/ul>\t\t\t\t\t\t<\/div>\n\t\t\t\t<\/div>\n\t\t\t\t\t<\/div>\n\t\t\t\t<\/div>\n\t\t\t\t<section class=\"elementor-section elementor-top-section elementor-element elementor-element-2d8990a elementor-section-full_width elementor-section-height-default elementor-section-height-default qodef-elementor-content-no\" data-id=\"2d8990a\" data-element_type=\"section\" data-settings=\"{&quot;background_background&quot;:&quot;video&quot;,&quot;background_video_link&quot;:&quot;https:\\\/\\\/coppola.qodeinteractive.com\\\/wp-content\\\/uploads\\\/2021\\\/11\\\/what-we-do..mp4&quot;,&quot;background_play_on_mobile&quot;:&quot;yes&quot;}\">\n\t\t\t\t\t\t\t\t<div class=\"elementor-background-video-container\">\n\t\t\t\t\t\t\t\t\t\t\t\t\t<video class=\"elementor-background-video-hosted elementor-html5-video\" autoplay muted playsinline loop><\/video>\n\t\t\t\t\t\t\t\t\t\t\t<\/div>\n\t\t\t\t\t\t\t\t<div class=\"elementor-container elementor-column-gap-default\">\n\t\t\t\t\t<div class=\"elementor-column elementor-col-100 elementor-top-column elementor-element elementor-element-77a13d8\" data-id=\"77a13d8\" data-element_type=\"column\">\n\t\t\t<div class=\"elementor-widget-wrap elementor-element-populated\">\n\t\t\t\t\t\t<div class=\"elementor-element elementor-element-ebcbfb7 elementor-widget elementor-widget-coppola_core_section_title\" data-id=\"ebcbfb7\" data-element_type=\"widget\" data-widget_type=\"coppola_core_section_title.default\">\n\t\t\t\t<div class=\"elementor-widget-container\">\n\t\t\t<div class=\"qodef-shortcode qodef-m service__contact__text qodef-section-title qodef-alignment--center \">\n\t\t<p class=\"qodef-m-subtitle\" style=\"color: #FFFFFF\">Cont\u00e1ctenos para asistencia inmediata<\/p>\n\t\t<h3 class=\"qodef-m-title\" style=\"color: #FFFFFF\">\n\t\t\t\t\tRealice una cotizaci\u00f3n <span class=\"qodef-e-custom-color\" style=\"color: #FDF24E\">de<br \/><\/span> nuestros productos\t\t\t<\/h3>\n\t\t\t<p class=\"qodef-m-button\" style=\"margin-top: 48px\">\n\t\t<a class=\"qodef-shortcode qodef-m  qodef-button qodef-layout--outlined  qodef-skin--dark qodef-html--link\" href=\"https:\/\/aurea.film\/es\/contacto\/\" target=\"_blank\" data-hover-color=\"#000000\" data-hover-background-color=\"#FFFFFF\" data-hover-border-color=\"#FFFFFF\" style=\"color: #FFFFFF;border-color: #FFFFFF\">\t<span class=\"qodef-m-text\">Contacto<\/span><\/a>\t<\/p>\n<\/div>\n\t\t<\/div>\n\t\t\t\t<\/div>\n\t\t\t\t\t<\/div>\n\t\t<\/div>\n\t\t\t\t\t<\/div>\n\t\t<\/section>\n\t\t\t\t<\/div>\n\t\t","protected":false},"excerpt":{"rendered":"<p>Servicios Producci\u00f3n de Comerciales para Televisi\u00f3n (TVC\u2019s) Desarrollamos comerciales de televisi\u00f3n de alto impacto que conectan con la audiencia y elevan el valor de marca. Nuestro equipo de creativos, guionistas y directores se encarga de todo el proceso: desde la conceptualizaci\u00f3n hasta la postproducci\u00f3n, garantizando un resultado gide calidad cinematogr\u00e1fica adaptado a las necesidades del [&hellip;]<\/p>\n","protected":false},"author":1,"featured_media":0,"parent":0,"menu_order":0,"comment_status":"closed","ping_status":"closed","template":"","meta":{"om_disable_all_campaigns":false,"_monsterinsights_skip_tracking":false,"_monsterinsights_sitenote_active":false,"_monsterinsights_sitenote_note":"","_monsterinsights_sitenote_category":0,"footnotes":""},"class_list":["post-10460","page","type-page","status-publish","hentry"],"aioseo_notices":[],"yoast_head":"<!-- This site is optimized with the Yoast SEO plugin v25.3.1 - https:\/\/yoast.com\/wordpress\/plugins\/seo\/ -->\n<title>Producci\u00f3n de Comerciales para Televisi\u00f3n (TVC\u2019s)<\/title>\n<meta name=\"description\" content=\"Nuestro equipo de creativos, guionistas y directores gestiona todo el proceso, desde el desarrollo del concepto hasta la posproducci\u00f3n, entregando un resultado de calidad cinematogr\u00e1fica adaptado a los objetivos de cada cliente y a los est\u00e1ndares de las principales cadenas de transmisi\u00f3n.\" \/>\n<meta name=\"robots\" content=\"index, follow, max-snippet:-1, max-image-preview:large, max-video-preview:-1\" \/>\n<link rel=\"canonical\" href=\"https:\/\/aurea.film\/es\/produccion-comerciales-de-television\/\" \/>\n<meta property=\"og:locale\" content=\"en_US\" \/>\n<meta property=\"og:type\" content=\"article\" \/>\n<meta property=\"og:title\" content=\"Producci\u00f3n de Comerciales para Televisi\u00f3n (TVC\u2019s)\" \/>\n<meta property=\"og:description\" content=\"Nuestro equipo de creativos, guionistas y directores gestiona todo el proceso, desde el desarrollo del concepto hasta la posproducci\u00f3n, entregando un resultado de calidad cinematogr\u00e1fica adaptado a los objetivos de cada cliente y a los est\u00e1ndares de las principales cadenas de transmisi\u00f3n.\" \/>\n<meta property=\"og:url\" content=\"https:\/\/aurea.film\/es\/produccion-comerciales-de-television\/\" \/>\n<meta property=\"og:site_name\" content=\"AUREA\" \/>\n<meta property=\"article:modified_time\" content=\"2025-05-06T01:27:28+00:00\" \/>\n<meta property=\"og:image\" content=\"https:\/\/aurea.film\/es\/wp-content\/uploads\/2024\/10\/daniel-l-4vOcfTXfdAI-unsplash.jpg\" \/>\n<meta name=\"twitter:card\" content=\"summary_large_image\" \/>\n<meta name=\"twitter:label1\" content=\"Est. reading time\" \/>\n\t<meta name=\"twitter:data1\" content=\"1 minute\" \/>\n<!-- \/ Yoast SEO plugin. -->","yoast_head_json":{"title":"Producci\u00f3n de Comerciales para Televisi\u00f3n (TVC\u2019s)","description":"Nuestro equipo de creativos, guionistas y directores gestiona todo el proceso, desde el desarrollo del concepto hasta la posproducci\u00f3n, entregando un resultado de calidad cinematogr\u00e1fica adaptado a los objetivos de cada cliente y a los est\u00e1ndares de las principales cadenas de transmisi\u00f3n.","robots":{"index":"index","follow":"follow","max-snippet":"max-snippet:-1","max-image-preview":"max-image-preview:large","max-video-preview":"max-video-preview:-1"},"canonical":"https:\/\/aurea.film\/es\/produccion-comerciales-de-television\/","og_locale":"en_US","og_type":"article","og_title":"Producci\u00f3n de Comerciales para Televisi\u00f3n (TVC\u2019s)","og_description":"Nuestro equipo de creativos, guionistas y directores gestiona todo el proceso, desde el desarrollo del concepto hasta la posproducci\u00f3n, entregando un resultado de calidad cinematogr\u00e1fica adaptado a los objetivos de cada cliente y a los est\u00e1ndares de las principales cadenas de transmisi\u00f3n.","og_url":"https:\/\/aurea.film\/es\/produccion-comerciales-de-television\/","og_site_name":"AUREA","article_modified_time":"2025-05-06T01:27:28+00:00","og_image":[{"url":"https:\/\/aurea.film\/es\/wp-content\/uploads\/2024\/10\/daniel-l-4vOcfTXfdAI-unsplash.jpg","type":"","width":"","height":""}],"twitter_card":"summary_large_image","twitter_misc":{"Est. reading time":"1 minute"},"schema":{"@context":"https:\/\/schema.org","@graph":[{"@type":"WebPage","@id":"https:\/\/aurea.film\/es\/produccion-comerciales-de-television\/","url":"https:\/\/aurea.film\/es\/produccion-comerciales-de-television\/","name":"Producci\u00f3n de Comerciales para Televisi\u00f3n (TVC\u2019s)","isPartOf":{"@id":"https:\/\/aurea.film\/#website"},"primaryImageOfPage":{"@id":"https:\/\/aurea.film\/es\/produccion-comerciales-de-television\/#primaryimage"},"image":{"@id":"https:\/\/aurea.film\/es\/produccion-comerciales-de-television\/#primaryimage"},"thumbnailUrl":"https:\/\/aurea.film\/es\/wp-content\/uploads\/2024\/10\/daniel-l-4vOcfTXfdAI-unsplash.jpg","datePublished":"2025-04-15T01:14:37+00:00","dateModified":"2025-05-06T01:27:28+00:00","description":"Nuestro equipo de creativos, guionistas y directores gestiona todo el proceso, desde el desarrollo del concepto hasta la posproducci\u00f3n, entregando un resultado de calidad cinematogr\u00e1fica adaptado a los objetivos de cada cliente y a los est\u00e1ndares de las principales cadenas de transmisi\u00f3n.","breadcrumb":{"@id":"https:\/\/aurea.film\/es\/produccion-comerciales-de-television\/#breadcrumb"},"inLanguage":"en-US","potentialAction":[{"@type":"ReadAction","target":["https:\/\/aurea.film\/es\/produccion-comerciales-de-television\/"]}]},{"@type":"ImageObject","inLanguage":"en-US","@id":"https:\/\/aurea.film\/es\/produccion-comerciales-de-television\/#primaryimage","url":"https:\/\/aurea.film\/es\/wp-content\/uploads\/2024\/10\/daniel-l-4vOcfTXfdAI-unsplash.jpg","contentUrl":"https:\/\/aurea.film\/es\/wp-content\/uploads\/2024\/10\/daniel-l-4vOcfTXfdAI-unsplash.jpg","width":1920,"height":2400,"caption":"TV Commercial Production"},{"@type":"BreadcrumbList","@id":"https:\/\/aurea.film\/es\/produccion-comerciales-de-television\/#breadcrumb","itemListElement":[{"@type":"ListItem","position":1,"name":"Home","item":"https:\/\/aurea.film\/es\/"},{"@type":"ListItem","position":2,"name":"Producci\u00f3n de Comerciales para Televisi\u00f3n (TVC\u2019s)"}]},{"@type":"WebSite","@id":"https:\/\/aurea.film\/#website","url":"https:\/\/aurea.film\/","name":"AUREA","description":"","potentialAction":[{"@type":"SearchAction","target":{"@type":"EntryPoint","urlTemplate":"https:\/\/aurea.film\/?s={search_term_string}"},"query-input":{"@type":"PropertyValueSpecification","valueRequired":true,"valueName":"search_term_string"}}],"inLanguage":"en-US"}]}},"_links":{"self":[{"href":"https:\/\/aurea.film\/es\/wp-json\/wp\/v2\/pages\/10460","targetHints":{"allow":["GET"]}}],"collection":[{"href":"https:\/\/aurea.film\/es\/wp-json\/wp\/v2\/pages"}],"about":[{"href":"https:\/\/aurea.film\/es\/wp-json\/wp\/v2\/types\/page"}],"author":[{"embeddable":true,"href":"https:\/\/aurea.film\/es\/wp-json\/wp\/v2\/users\/1"}],"replies":[{"embeddable":true,"href":"https:\/\/aurea.film\/es\/wp-json\/wp\/v2\/comments?post=10460"}],"version-history":[{"count":68,"href":"https:\/\/aurea.film\/es\/wp-json\/wp\/v2\/pages\/10460\/revisions"}],"predecessor-version":[{"id":10818,"href":"https:\/\/aurea.film\/es\/wp-json\/wp\/v2\/pages\/10460\/revisions\/10818"}],"wp:attachment":[{"href":"https:\/\/aurea.film\/es\/wp-json\/wp\/v2\/media?parent=10460"}],"curies":[{"name":"wp","href":"https:\/\/api.w.org\/{rel}","templated":true}]}}