{"id":10575,"date":"2025-04-15T03:33:03","date_gmt":"2025-04-15T03:33:03","guid":{"rendered":"https:\/\/aurea.film\/?page_id=10575"},"modified":"2025-05-06T00:25:07","modified_gmt":"2025-05-06T00:25:07","slug":"fotografia-profesional","status":"publish","type":"page","link":"https:\/\/aurea.film\/es\/fotografia-profesional\/","title":{"rendered":"Fotograf\u00eda Profesional (Publicitaria, Corporativa y de Producto)"},"content":{"rendered":"\t\t<div data-elementor-type=\"wp-page\" data-elementor-id=\"10575\" class=\"elementor elementor-10575\">\n\t\t\t\t\t\t<section class=\"elementor-section elementor-top-section elementor-element elementor-element-cf1ec4a elementor-section-full_width elementor-section-height-default elementor-section-height-default qodef-elementor-content-no\" data-id=\"cf1ec4a\" data-element_type=\"section\">\n\t\t\t\t\t\t<div class=\"elementor-container elementor-column-gap-default\">\n\t\t\t\t\t<div class=\"elementor-column elementor-col-100 elementor-top-column elementor-element elementor-element-f42eeea\" data-id=\"f42eeea\" data-element_type=\"column\" data-settings=\"{&quot;background_background&quot;:&quot;classic&quot;}\">\n\t\t\t<div class=\"elementor-widget-wrap elementor-element-populated\">\n\t\t\t\t\t<div class=\"elementor-background-overlay\"><\/div>\n\t\t\t\t\t\t<div class=\"elementor-element elementor-element-5e8a798 elementor-widget elementor-widget-coppola_core_section_title\" data-id=\"5e8a798\" data-element_type=\"widget\" data-widget_type=\"coppola_core_section_title.default\">\n\t\t\t\t<div class=\"elementor-widget-container\">\n\t\t\t<div class=\"qodef-shortcode qodef-m cover__service__title qodef-section-title qodef-alignment--center \">\n\t\t<p class=\"qodef-m-subtitle\" style=\"color: #FFFFFF\">Servicios<\/p>\n\t\t<h1 class=\"qodef-m-title\" style=\"color: #FFFFFF\">\n\t\t\t\t\tFotograf\u00eda Profesional (Publicitaria, Corporativa y de Producto)\t\t\t<\/h1>\n\t\t<\/div>\n\t\t<\/div>\n\t\t\t\t<\/div>\n\t\t\t\t\t<\/div>\n\t\t<\/div>\n\t\t\t\t\t<\/div>\n\t\t<\/section>\n\t\t<div class=\"elementor-element elementor-element-9365b82 e-grid e-con-boxed e-con e-parent\" data-id=\"9365b82\" data-element_type=\"container\">\n\t\t\t\t\t<div class=\"e-con-inner\">\n\t\t\t\t<div class=\"elementor-element elementor-element-44c8a78 elementor-widget elementor-widget-image\" data-id=\"44c8a78\" data-element_type=\"widget\" data-widget_type=\"image.default\">\n\t\t\t\t<div class=\"elementor-widget-container\">\n\t\t\t\t\t\t\t\t\t\t\t\t\t<img fetchpriority=\"high\" decoding=\"async\" width=\"1440\" height=\"2160\" src=\"https:\/\/aurea.film\/es\/wp-content\/uploads\/2025\/04\/sirisvisual-IcwAKUhNGXs-unsplash.jpg\" class=\"attachment-full size-full wp-image-10627\" alt=\"Professional Photography (Advertising, Corporate &amp; Product)\" srcset=\"https:\/\/aurea.film\/es\/wp-content\/uploads\/2025\/04\/sirisvisual-IcwAKUhNGXs-unsplash.jpg 1440w, https:\/\/aurea.film\/es\/wp-content\/uploads\/2025\/04\/sirisvisual-IcwAKUhNGXs-unsplash-200x300.jpg 200w, https:\/\/aurea.film\/es\/wp-content\/uploads\/2025\/04\/sirisvisual-IcwAKUhNGXs-unsplash-683x1024.jpg 683w, https:\/\/aurea.film\/es\/wp-content\/uploads\/2025\/04\/sirisvisual-IcwAKUhNGXs-unsplash-768x1152.jpg 768w, https:\/\/aurea.film\/es\/wp-content\/uploads\/2025\/04\/sirisvisual-IcwAKUhNGXs-unsplash-1024x1536.jpg 1024w, https:\/\/aurea.film\/es\/wp-content\/uploads\/2025\/04\/sirisvisual-IcwAKUhNGXs-unsplash-1365x2048.jpg 1365w\" sizes=\"(max-width: 1440px) 100vw, 1440px\" \/>\t\t\t\t\t\t\t\t\t\t\t\t\t<\/div>\n\t\t\t\t<\/div>\n\t\t<div class=\"elementor-element elementor-element-f64a5a8 e-con-full e-flex e-con e-child\" data-id=\"f64a5a8\" data-element_type=\"container\">\n\t\t\t\t<div class=\"elementor-element elementor-element-9f8ebec elementor-widget elementor-widget-heading\" data-id=\"9f8ebec\" data-element_type=\"widget\" data-widget_type=\"heading.default\">\n\t\t\t\t<div class=\"elementor-widget-container\">\n\t\t\t<h2 class=\"elementor-heading-title elementor-size-default\">Ofrecemos servicios de fotograf\u00eda comercial y art\u00edstica para cubrir necesidades publicitarias, editoriales o corporativas.<\/h2>\t\t<\/div>\n\t\t\t\t<\/div>\n\t\t\t\t<div class=\"elementor-element elementor-element-15addcf elementor-widget elementor-widget-text-editor\" data-id=\"15addcf\" data-element_type=\"widget\" data-widget_type=\"text-editor.default\">\n\t\t\t\t<div class=\"elementor-widget-container\">\n\t\t\t\t\t\t\t<p>Ya sea retrato empresarial, fotograf\u00eda de producto, moda o lifestyle, contamos con talento y equipo t\u00e9cnico de primer nivel para lograr im\u00e1genes impactantes y funcionales para cualquier plataforma.<\/p>\t\t\t\t\t\t<\/div>\n\t\t\t\t<\/div>\n\t\t\t\t<\/div>\n\t\t\t\t\t<\/div>\n\t\t\t\t<\/div>\n\t\t<div class=\"elementor-element elementor-element-1acc0b3 e-grid  services__bullets e-con-boxed e-con e-parent\" data-id=\"1acc0b3\" data-element_type=\"container\">\n\t\t\t\t\t<div class=\"e-con-inner\">\n\t\t\t\t<div class=\"elementor-element elementor-element-ef56318 elementor-widget elementor-widget-heading\" data-id=\"ef56318\" data-element_type=\"widget\" data-widget_type=\"heading.default\">\n\t\t\t\t<div class=\"elementor-widget-container\">\n\t\t\t<h4 class=\"elementor-heading-title elementor-size-default\">Nuestros servicios incluyen:<\/h4>\t\t<\/div>\n\t\t\t\t<\/div>\n\t\t\t\t<div class=\"elementor-element elementor-element-03d307e elementor-widget elementor-widget-text-editor\" data-id=\"03d307e\" data-element_type=\"widget\" data-widget_type=\"text-editor.default\">\n\t\t\t\t<div class=\"elementor-widget-container\">\n\t\t\t\t\t\t\t<ul><li>Direcci\u00f3n fotogr\u00e1fica<\/li><li>Moodboard<\/li><li>Set design<\/li><li>Arte<\/li><li>Captura de detalle<\/li><li>Fotograf\u00eda en locaci\u00f3n<\/li><li>Estilismo de producto<\/li><li>Planeaci\u00f3n creativa<\/li><li>Conceptualizaci\u00f3n<\/li><li>Dise\u00f1o producci\u00f3n<\/li><li>Fotograf\u00eda Editorial<\/li><li>Fotograf\u00eda publicitaria<\/li><li>Foto de producto<\/li><li>Lifestyle visual<\/li><\/ul>\t\t\t\t\t\t<\/div>\n\t\t\t\t<\/div>\n\t\t\t\t<div class=\"elementor-element elementor-element-1d9351e elementor-widget elementor-widget-text-editor\" data-id=\"1d9351e\" data-element_type=\"widget\" data-widget_type=\"text-editor.default\">\n\t\t\t\t<div class=\"elementor-widget-container\">\n\t\t\t\t\t\t\t<ul>\n \t<li>Fotograf\u00eda gastron\u00f3mica<\/li>\n \t<li>Imagen editorial<\/li>\n \t<li>Moda y belleza<\/li>\n \t<li>Cat\u00e1logo e-commerce<\/li>\n \t<li>Sesiones en estudio<\/li>\n \t<li>Producci\u00f3n fotogr\u00e1fica<\/li>\n \t<li>Fotograf\u00eda profesional<\/li>\n \t<li>Retoque digital<\/li>\n \t<li>Foto comercial<\/li>\n \t<li>Branding visual<\/li>\n \t<li>Fotograf\u00eda creativa<\/li>\n \t<li>Fotomontaje<\/li>\n \t<li>Composici\u00f3n Digital<\/li>\n<\/ul>\t\t\t\t\t\t<\/div>\n\t\t\t\t<\/div>\n\t\t\t\t\t<\/div>\n\t\t\t\t<\/div>\n\t\t\t\t<section class=\"elementor-section elementor-top-section elementor-element elementor-element-2d8990a elementor-section-full_width elementor-section-height-default elementor-section-height-default qodef-elementor-content-no\" data-id=\"2d8990a\" data-element_type=\"section\" data-settings=\"{&quot;background_background&quot;:&quot;video&quot;,&quot;background_video_link&quot;:&quot;https:\\\/\\\/coppola.qodeinteractive.com\\\/wp-content\\\/uploads\\\/2021\\\/11\\\/what-we-do..mp4&quot;,&quot;background_play_on_mobile&quot;:&quot;yes&quot;}\">\n\t\t\t\t\t\t\t\t<div class=\"elementor-background-video-container\">\n\t\t\t\t\t\t\t\t\t\t\t\t\t<video class=\"elementor-background-video-hosted elementor-html5-video\" autoplay muted playsinline loop><\/video>\n\t\t\t\t\t\t\t\t\t\t\t<\/div>\n\t\t\t\t\t\t\t\t<div class=\"elementor-container elementor-column-gap-default\">\n\t\t\t\t\t<div class=\"elementor-column elementor-col-100 elementor-top-column elementor-element elementor-element-77a13d8\" data-id=\"77a13d8\" data-element_type=\"column\">\n\t\t\t<div class=\"elementor-widget-wrap elementor-element-populated\">\n\t\t\t\t\t\t<div class=\"elementor-element elementor-element-ebcbfb7 elementor-widget elementor-widget-coppola_core_section_title\" data-id=\"ebcbfb7\" data-element_type=\"widget\" data-widget_type=\"coppola_core_section_title.default\">\n\t\t\t\t<div class=\"elementor-widget-container\">\n\t\t\t<div class=\"qodef-shortcode qodef-m service__contact__text qodef-section-title qodef-alignment--center \">\n\t\t<p class=\"qodef-m-subtitle\" style=\"color: #FFFFFF\">Cont\u00e1ctenos para asistencia inmediata<\/p>\n\t\t<h3 class=\"qodef-m-title\" style=\"color: #FFFFFF\">\n\t\t\t\t\tRealice una cotizaci\u00f3n <span class=\"qodef-e-custom-color\" style=\"color: #FDF24E\">de<br \/><\/span> nuestros productos\t\t\t<\/h3>\n\t\t\t<p class=\"qodef-m-button\" style=\"margin-top: 48px\">\n\t\t<a class=\"qodef-shortcode qodef-m  qodef-button qodef-layout--outlined  qodef-skin--dark qodef-html--link\" href=\"https:\/\/aurea.film\/es\/contacto\/\" target=\"_blank\" data-hover-color=\"#000000\" data-hover-background-color=\"#FFFFFF\" data-hover-border-color=\"#FFFFFF\" style=\"color: #FFFFFF;border-color: #FFFFFF\">\t<span class=\"qodef-m-text\">Contacto<\/span><\/a>\t<\/p>\n<\/div>\n\t\t<\/div>\n\t\t\t\t<\/div>\n\t\t\t\t\t<\/div>\n\t\t<\/div>\n\t\t\t\t\t<\/div>\n\t\t<\/section>\n\t\t\t\t<\/div>\n\t\t","protected":false},"excerpt":{"rendered":"<p>Servicios Fotograf\u00eda Profesional (Publicitaria, Corporativa y de Producto) Ofrecemos servicios de fotograf\u00eda comercial y art\u00edstica para cubrir necesidades publicitarias, editoriales o corporativas. Ya sea retrato empresarial, fotograf\u00eda de producto, moda o lifestyle, contamos con talento y equipo t\u00e9cnico de primer nivel para lograr im\u00e1genes impactantes y funcionales para cualquier plataforma. Nuestros servicios incluyen: Direcci\u00f3n fotogr\u00e1fica [&hellip;]<\/p>\n","protected":false},"author":1,"featured_media":0,"parent":0,"menu_order":0,"comment_status":"closed","ping_status":"closed","template":"","meta":{"om_disable_all_campaigns":false,"_monsterinsights_skip_tracking":false,"_monsterinsights_sitenote_active":false,"_monsterinsights_sitenote_note":"","_monsterinsights_sitenote_category":0,"footnotes":""},"class_list":["post-10575","page","type-page","status-publish","hentry"],"aioseo_notices":[],"yoast_head":"<!-- This site is optimized with the Yoast SEO plugin v25.3.1 - https:\/\/yoast.com\/wordpress\/plugins\/seo\/ -->\n<title>Fotograf\u00eda Profesional (Publicitaria, Corporativa y de Producto)<\/title>\n<meta name=\"description\" content=\"Ya sean retratos comerciales, fotograf\u00edas de productos, moda o estilo de vida, contamos con talento de primer nivel y recursos t\u00e9cnicos para crear im\u00e1genes impactantes y listas para la plataforma.\" \/>\n<meta name=\"robots\" content=\"index, follow, max-snippet:-1, max-image-preview:large, max-video-preview:-1\" \/>\n<link rel=\"canonical\" href=\"https:\/\/aurea.film\/es\/fotografia-profesional\/\" \/>\n<meta property=\"og:locale\" content=\"en_US\" \/>\n<meta property=\"og:type\" content=\"article\" \/>\n<meta property=\"og:title\" content=\"Fotograf\u00eda Profesional (Publicitaria, Corporativa y de Producto)\" \/>\n<meta property=\"og:description\" content=\"Ya sean retratos comerciales, fotograf\u00edas de productos, moda o estilo de vida, contamos con talento de primer nivel y recursos t\u00e9cnicos para crear im\u00e1genes impactantes y listas para la plataforma.\" \/>\n<meta property=\"og:url\" content=\"https:\/\/aurea.film\/es\/fotografia-profesional\/\" \/>\n<meta property=\"og:site_name\" content=\"AUREA\" \/>\n<meta property=\"article:modified_time\" content=\"2025-05-06T00:25:07+00:00\" \/>\n<meta property=\"og:image\" content=\"https:\/\/aurea.film\/es\/wp-content\/uploads\/2025\/04\/sirisvisual-IcwAKUhNGXs-unsplash.jpg\" \/>\n<meta name=\"twitter:card\" content=\"summary_large_image\" \/>\n<meta name=\"twitter:label1\" content=\"Est. reading time\" \/>\n\t<meta name=\"twitter:data1\" content=\"1 minute\" \/>\n<!-- \/ Yoast SEO plugin. -->","yoast_head_json":{"title":"Fotograf\u00eda Profesional (Publicitaria, Corporativa y de Producto)","description":"Ya sean retratos comerciales, fotograf\u00edas de productos, moda o estilo de vida, contamos con talento de primer nivel y recursos t\u00e9cnicos para crear im\u00e1genes impactantes y listas para la plataforma.","robots":{"index":"index","follow":"follow","max-snippet":"max-snippet:-1","max-image-preview":"max-image-preview:large","max-video-preview":"max-video-preview:-1"},"canonical":"https:\/\/aurea.film\/es\/fotografia-profesional\/","og_locale":"en_US","og_type":"article","og_title":"Fotograf\u00eda Profesional (Publicitaria, Corporativa y de Producto)","og_description":"Ya sean retratos comerciales, fotograf\u00edas de productos, moda o estilo de vida, contamos con talento de primer nivel y recursos t\u00e9cnicos para crear im\u00e1genes impactantes y listas para la plataforma.","og_url":"https:\/\/aurea.film\/es\/fotografia-profesional\/","og_site_name":"AUREA","article_modified_time":"2025-05-06T00:25:07+00:00","og_image":[{"url":"https:\/\/aurea.film\/es\/wp-content\/uploads\/2025\/04\/sirisvisual-IcwAKUhNGXs-unsplash.jpg","type":"","width":"","height":""}],"twitter_card":"summary_large_image","twitter_misc":{"Est. reading time":"1 minute"},"schema":{"@context":"https:\/\/schema.org","@graph":[{"@type":"WebPage","@id":"https:\/\/aurea.film\/es\/fotografia-profesional\/","url":"https:\/\/aurea.film\/es\/fotografia-profesional\/","name":"Fotograf\u00eda Profesional (Publicitaria, Corporativa y de Producto)","isPartOf":{"@id":"https:\/\/aurea.film\/#website"},"primaryImageOfPage":{"@id":"https:\/\/aurea.film\/es\/fotografia-profesional\/#primaryimage"},"image":{"@id":"https:\/\/aurea.film\/es\/fotografia-profesional\/#primaryimage"},"thumbnailUrl":"https:\/\/aurea.film\/es\/wp-content\/uploads\/2025\/04\/sirisvisual-IcwAKUhNGXs-unsplash.jpg","datePublished":"2025-04-15T03:33:03+00:00","dateModified":"2025-05-06T00:25:07+00:00","description":"Ya sean retratos comerciales, fotograf\u00edas de productos, moda o estilo de vida, contamos con talento de primer nivel y recursos t\u00e9cnicos para crear im\u00e1genes impactantes y listas para la plataforma.","breadcrumb":{"@id":"https:\/\/aurea.film\/es\/fotografia-profesional\/#breadcrumb"},"inLanguage":"en-US","potentialAction":[{"@type":"ReadAction","target":["https:\/\/aurea.film\/es\/fotografia-profesional\/"]}]},{"@type":"ImageObject","inLanguage":"en-US","@id":"https:\/\/aurea.film\/es\/fotografia-profesional\/#primaryimage","url":"https:\/\/aurea.film\/es\/wp-content\/uploads\/2025\/04\/sirisvisual-IcwAKUhNGXs-unsplash.jpg","contentUrl":"https:\/\/aurea.film\/es\/wp-content\/uploads\/2025\/04\/sirisvisual-IcwAKUhNGXs-unsplash.jpg","width":1440,"height":2160,"caption":"Professional Photography (Advertising, Corporate & Product)"},{"@type":"BreadcrumbList","@id":"https:\/\/aurea.film\/es\/fotografia-profesional\/#breadcrumb","itemListElement":[{"@type":"ListItem","position":1,"name":"Home","item":"https:\/\/aurea.film\/es\/"},{"@type":"ListItem","position":2,"name":"Fotograf\u00eda Profesional (Publicitaria, Corporativa y de Producto)"}]},{"@type":"WebSite","@id":"https:\/\/aurea.film\/#website","url":"https:\/\/aurea.film\/","name":"AUREA","description":"","potentialAction":[{"@type":"SearchAction","target":{"@type":"EntryPoint","urlTemplate":"https:\/\/aurea.film\/?s={search_term_string}"},"query-input":{"@type":"PropertyValueSpecification","valueRequired":true,"valueName":"search_term_string"}}],"inLanguage":"en-US"}]}},"_links":{"self":[{"href":"https:\/\/aurea.film\/es\/wp-json\/wp\/v2\/pages\/10575","targetHints":{"allow":["GET"]}}],"collection":[{"href":"https:\/\/aurea.film\/es\/wp-json\/wp\/v2\/pages"}],"about":[{"href":"https:\/\/aurea.film\/es\/wp-json\/wp\/v2\/types\/page"}],"author":[{"embeddable":true,"href":"https:\/\/aurea.film\/es\/wp-json\/wp\/v2\/users\/1"}],"replies":[{"embeddable":true,"href":"https:\/\/aurea.film\/es\/wp-json\/wp\/v2\/comments?post=10575"}],"version-history":[{"count":31,"href":"https:\/\/aurea.film\/es\/wp-json\/wp\/v2\/pages\/10575\/revisions"}],"predecessor-version":[{"id":10812,"href":"https:\/\/aurea.film\/es\/wp-json\/wp\/v2\/pages\/10575\/revisions\/10812"}],"wp:attachment":[{"href":"https:\/\/aurea.film\/es\/wp-json\/wp\/v2\/media?parent=10575"}],"curies":[{"name":"wp","href":"https:\/\/api.w.org\/{rel}","templated":true}]}}