{"id":4303,"date":"2021-11-26T20:42:15","date_gmt":"2021-11-26T20:42:15","guid":{"rendered":"https:\/\/coppola.qodeinteractive.com\/?page_id=4303"},"modified":"2025-06-25T22:03:37","modified_gmt":"2025-06-25T22:03:37","slug":"blog","status":"publish","type":"page","link":"https:\/\/aurea.film\/es\/blog\/","title":{"rendered":"Blog"},"content":{"rendered":"\t\t<div data-elementor-type=\"wp-page\" data-elementor-id=\"4303\" class=\"elementor elementor-4303\">\n\t\t\t\t\t\t<section class=\"elementor-section elementor-top-section elementor-element elementor-element-5c0dad6 elementor-section-boxed elementor-section-height-default elementor-section-height-default qodef-elementor-content-no\" data-id=\"5c0dad6\" data-element_type=\"section\">\n\t\t\t\t\t\t<div class=\"elementor-container elementor-column-gap-default\">\n\t\t\t\t\t<div class=\"elementor-column elementor-col-100 elementor-top-column elementor-element elementor-element-bdff1a6\" data-id=\"bdff1a6\" data-element_type=\"column\">\n\t\t\t<div class=\"elementor-widget-wrap elementor-element-populated\">\n\t\t\t\t\t\t<div class=\"elementor-element elementor-element-ae20ad7 elementor-widget elementor-widget-coppola_core_blog_list\" data-id=\"ae20ad7\" data-element_type=\"widget\" data-widget_type=\"coppola_core_blog_list.default\">\n\t\t\t\t<div class=\"elementor-widget-container\">\n\t\t\t<div class=\"qodef-shortcode qodef-m  qodef-blog qodef--list qodef-item-layout--standard qodef-grid qodef-layout--columns   qodef-gutter--huge qodef-col-num--1 qodef-item-layout--standard qodef-pagination--on qodef-pagination-type--standard qodef-responsive--predefined\" data-options=\"{&quot;plugin&quot;:&quot;coppola_core&quot;,&quot;module&quot;:&quot;blog\\\/shortcodes&quot;,&quot;shortcode&quot;:&quot;blog-list&quot;,&quot;post_type&quot;:&quot;post&quot;,&quot;next_page&quot;:&quot;2&quot;,&quot;max_pages_num&quot;:1,&quot;enable_light_skin&quot;:&quot;no&quot;,&quot;behavior&quot;:&quot;columns&quot;,&quot;images_proportion&quot;:&quot;full&quot;,&quot;columns&quot;:&quot;1&quot;,&quot;columns_responsive&quot;:&quot;predefined&quot;,&quot;space&quot;:&quot;huge&quot;,&quot;posts_per_page&quot;:&quot;5&quot;,&quot;orderby&quot;:&quot;date&quot;,&quot;order&quot;:&quot;ASC&quot;,&quot;layout&quot;:&quot;standard&quot;,&quot;title_tag&quot;:&quot;h2&quot;,&quot;toggle_read_more&quot;:&quot;no&quot;,&quot;toggle_author&quot;:&quot;yes&quot;,&quot;enable_tags&quot;:&quot;yes&quot;,&quot;pagination_type&quot;:&quot;standard&quot;,&quot;object_class_name&quot;:&quot;CoppolaCore_Blog_List_Shortcode&quot;,&quot;taxonomy_filter&quot;:&quot;category&quot;,&quot;additional_query_args&quot;:[],&quot;space_value&quot;:40}\">\n\t\t<div class=\"qodef-grid-inner clear\">\n\t\t<article class=\"qodef-e qodef-blog-item qodef-grid-item qodef-item--full post-10865 post type-post status-publish format-standard has-post-thumbnail hentry category-produccion-audiovisual\">\n\t<div class=\"qodef-e-inner\">\n\t\t<div class=\"qodef-e-media\">\n\t\t<div class=\"qodef-e-media-image\">\n\t\t<a itemprop=\"url\" href=\"https:\/\/aurea.film\/es\/produccion-audiovisual-jumex-2025\/\">\n\t\t\t<img fetchpriority=\"high\" decoding=\"async\" width=\"1920\" height=\"1080\" src=\"https:\/\/aurea.film\/es\/wp-content\/uploads\/2025\/06\/01.jpg\" class=\"attachment-full size-full wp-post-image\" alt=\"\" srcset=\"https:\/\/aurea.film\/es\/wp-content\/uploads\/2025\/06\/01.jpg 1920w, https:\/\/aurea.film\/es\/wp-content\/uploads\/2025\/06\/01-300x169.jpg 300w, https:\/\/aurea.film\/es\/wp-content\/uploads\/2025\/06\/01-1024x576.jpg 1024w, https:\/\/aurea.film\/es\/wp-content\/uploads\/2025\/06\/01-768x432.jpg 768w, https:\/\/aurea.film\/es\/wp-content\/uploads\/2025\/06\/01-1536x864.jpg 1536w\" sizes=\"(max-width: 1920px) 100vw, 1920px\" \/>\t\t<\/a>\n\t<\/div>\n<\/div>\n\t\t<div class=\"qodef-e-content\">\n\t\t\t<div class=\"qodef-e-top-holder\">\n\t\t\t\t<div class=\"qodef-e-info\">\n\t\t\t\t\t<a href=\"https:\/\/aurea.film\/es\/category\/produccion-audiovisual\/\" rel=\"tag\">Producci\u00f3n audiovisual<\/a><div class=\"qodef-info-separator-end\"><\/div>\n<a title=\"Title Text: \" itemprop=\"dateCreated\" href=\"https:\/\/aurea.film\/es\/2025\/06\/\" class=\"entry-date \">\n\t06\/24\/2025<\/a><div class=\"qodef-info-separator-end\"><\/div>\n\t\t\t\t<\/div>\n\t\t\t<\/div>\n\t\t\t<div class=\"qodef-e-text\">\n\t\t\t\t<h2 itemprop=\"name\" class=\"qodef-e-title entry-title\" >\n\t<a itemprop=\"url\" class=\"qodef-e-title-link\" href=\"https:\/\/aurea.film\/es\/produccion-audiovisual-jumex-2025\/\">\n\t\tDetr\u00e1s de c\u00e1maras: c\u00f3mo nuestra productora audiovisual llev\u00f3 la campa\u00f1a de Jumex a otro nivel\t<\/a>\n<\/h2>\n\t\t\t<\/div>\n\t\t\t<div class=\"qodef-e-bottom-holder\">\n\t\t\t\t\t\t\t\t\t\t\t\t<div class=\"qodef-e-right qodef-e-info\">\n\t\t\t\t\t<span>by<\/span>\n<a itemprop=\"author\" href=\"https:\/\/aurea.film\/es\/author\/admin\/\" class=\"qodef-e-info-author\">\n\tadmin<\/a><div class=\"qodef-info-separator-end\"><\/div>\n\t\t\t\t<\/div>\n\t\t\t\t\t\t\t<\/div>\n\t\t<\/div>\n\t<\/div>\n<\/article>\n\t<\/div>\n\t<\/div>\n\t\t<\/div>\n\t\t\t\t<\/div>\n\t\t\t\t\t<\/div>\n\t\t<\/div>\n\t\t\t\t\t<\/div>\n\t\t<\/section>\n\t\t\t\t<\/div>\n\t\t","protected":false},"excerpt":{"rendered":"<p>Adventure Action November 26, 2021 Frankly, my dear, I don\u2019t give a damn by Eric Wotson Lorem ipsum dolor sit amet, consectetur adipiscing elit. https:\/\/coppola.qodeinteractive.com\/wp-content\/uploads\/2021\/11\/Josh-Woodward-Gravity.mp3 AdventureBiography ActionDocumentary November 30, 2021 Film by Beverly Santos by Eric Wotson I&#8217;m going to make him an offer he can&#8217;t refuse Don Corleone, The Godfather AdventureHorror ActionHistoryShort November 30, [&hellip;]<\/p>\n","protected":false},"author":1,"featured_media":0,"parent":0,"menu_order":0,"comment_status":"closed","ping_status":"closed","template":"","meta":{"om_disable_all_campaigns":false,"_monsterinsights_skip_tracking":false,"_monsterinsights_sitenote_active":false,"_monsterinsights_sitenote_note":"","_monsterinsights_sitenote_category":0,"footnotes":""},"class_list":["post-4303","page","type-page","status-publish","hentry"],"aioseo_notices":[],"yoast_head":"<!-- This site is optimized with the Yoast SEO plugin v25.3.1 - https:\/\/yoast.com\/wordpress\/plugins\/seo\/ -->\n<title>Blog - AUREA<\/title>\n<meta name=\"robots\" content=\"index, follow, max-snippet:-1, max-image-preview:large, max-video-preview:-1\" \/>\n<link rel=\"canonical\" href=\"https:\/\/aurea.film\/es\/blog\/\" \/>\n<meta property=\"og:locale\" content=\"en_US\" \/>\n<meta property=\"og:type\" content=\"article\" \/>\n<meta property=\"og:title\" content=\"Blog - AUREA\" \/>\n<meta property=\"og:description\" content=\"Adventure Action November 26, 2021 Frankly, my dear, I don\u2019t give a damn by Eric Wotson Lorem ipsum dolor sit amet, consectetur adipiscing elit. https:\/\/coppola.qodeinteractive.com\/wp-content\/uploads\/2021\/11\/Josh-Woodward-Gravity.mp3 AdventureBiography ActionDocumentary November 30, 2021 Film by Beverly Santos by Eric Wotson I&#8217;m going to make him an offer he can&#8217;t refuse Don Corleone, The Godfather AdventureHorror ActionHistoryShort November 30, [&hellip;]\" \/>\n<meta property=\"og:url\" content=\"https:\/\/aurea.film\/es\/blog\/\" \/>\n<meta property=\"og:site_name\" content=\"AUREA\" \/>\n<meta property=\"article:modified_time\" content=\"2025-06-25T22:03:37+00:00\" \/>\n<meta property=\"og:image\" content=\"https:\/\/coppola.qodeinteractive.com\/wp-content\/uploads\/2021\/11\/blog-list-3.jpg\" \/>\n<meta name=\"twitter:card\" content=\"summary_large_image\" \/>\n<meta name=\"twitter:label1\" content=\"Est. reading time\" \/>\n\t<meta name=\"twitter:data1\" content=\"2 minutes\" \/>\n<!-- \/ Yoast SEO plugin. -->","yoast_head_json":{"title":"Blog - AUREA","robots":{"index":"index","follow":"follow","max-snippet":"max-snippet:-1","max-image-preview":"max-image-preview:large","max-video-preview":"max-video-preview:-1"},"canonical":"https:\/\/aurea.film\/es\/blog\/","og_locale":"en_US","og_type":"article","og_title":"Blog - AUREA","og_description":"Adventure Action November 26, 2021 Frankly, my dear, I don\u2019t give a damn by Eric Wotson Lorem ipsum dolor sit amet, consectetur adipiscing elit. https:\/\/coppola.qodeinteractive.com\/wp-content\/uploads\/2021\/11\/Josh-Woodward-Gravity.mp3 AdventureBiography ActionDocumentary November 30, 2021 Film by Beverly Santos by Eric Wotson I&#8217;m going to make him an offer he can&#8217;t refuse Don Corleone, The Godfather AdventureHorror ActionHistoryShort November 30, [&hellip;]","og_url":"https:\/\/aurea.film\/es\/blog\/","og_site_name":"AUREA","article_modified_time":"2025-06-25T22:03:37+00:00","og_image":[{"url":"https:\/\/coppola.qodeinteractive.com\/wp-content\/uploads\/2021\/11\/blog-list-3.jpg","type":"","width":"","height":""}],"twitter_card":"summary_large_image","twitter_misc":{"Est. reading time":"2 minutes"},"schema":{"@context":"https:\/\/schema.org","@graph":[{"@type":"WebPage","@id":"https:\/\/aurea.film\/es\/blog\/","url":"https:\/\/aurea.film\/es\/blog\/","name":"Blog - AUREA","isPartOf":{"@id":"https:\/\/aurea.film\/#website"},"primaryImageOfPage":{"@id":"https:\/\/aurea.film\/es\/blog\/#primaryimage"},"image":{"@id":"https:\/\/aurea.film\/es\/blog\/#primaryimage"},"thumbnailUrl":"https:\/\/coppola.qodeinteractive.com\/wp-content\/uploads\/2021\/11\/blog-list-3.jpg","datePublished":"2021-11-26T20:42:15+00:00","dateModified":"2025-06-25T22:03:37+00:00","breadcrumb":{"@id":"https:\/\/aurea.film\/es\/blog\/#breadcrumb"},"inLanguage":"en-US","potentialAction":[{"@type":"ReadAction","target":["https:\/\/aurea.film\/es\/blog\/"]}]},{"@type":"ImageObject","inLanguage":"en-US","@id":"https:\/\/aurea.film\/es\/blog\/#primaryimage","url":"https:\/\/coppola.qodeinteractive.com\/wp-content\/uploads\/2021\/11\/blog-list-3.jpg","contentUrl":"https:\/\/coppola.qodeinteractive.com\/wp-content\/uploads\/2021\/11\/blog-list-3.jpg"},{"@type":"BreadcrumbList","@id":"https:\/\/aurea.film\/es\/blog\/#breadcrumb","itemListElement":[{"@type":"ListItem","position":1,"name":"Home","item":"https:\/\/aurea.film\/es\/"},{"@type":"ListItem","position":2,"name":"Blog"}]},{"@type":"WebSite","@id":"https:\/\/aurea.film\/#website","url":"https:\/\/aurea.film\/","name":"AUREA","description":"","potentialAction":[{"@type":"SearchAction","target":{"@type":"EntryPoint","urlTemplate":"https:\/\/aurea.film\/?s={search_term_string}"},"query-input":{"@type":"PropertyValueSpecification","valueRequired":true,"valueName":"search_term_string"}}],"inLanguage":"en-US"}]}},"_links":{"self":[{"href":"https:\/\/aurea.film\/es\/wp-json\/wp\/v2\/pages\/4303","targetHints":{"allow":["GET"]}}],"collection":[{"href":"https:\/\/aurea.film\/es\/wp-json\/wp\/v2\/pages"}],"about":[{"href":"https:\/\/aurea.film\/es\/wp-json\/wp\/v2\/types\/page"}],"author":[{"embeddable":true,"href":"https:\/\/aurea.film\/es\/wp-json\/wp\/v2\/users\/1"}],"replies":[{"embeddable":true,"href":"https:\/\/aurea.film\/es\/wp-json\/wp\/v2\/comments?post=4303"}],"version-history":[{"count":2,"href":"https:\/\/aurea.film\/es\/wp-json\/wp\/v2\/pages\/4303\/revisions"}],"predecessor-version":[{"id":10891,"href":"https:\/\/aurea.film\/es\/wp-json\/wp\/v2\/pages\/4303\/revisions\/10891"}],"wp:attachment":[{"href":"https:\/\/aurea.film\/es\/wp-json\/wp\/v2\/media?parent=4303"}],"curies":[{"name":"wp","href":"https:\/\/api.w.org\/{rel}","templated":true}]}}